{"id":2925,"date":"2019-04-29T12:57:57","date_gmt":"2019-04-29T10:57:57","guid":{"rendered":"https:\/\/www.puntadelest.it\/punta-offerte\/punta-7-uguale-6\/"},"modified":"2023-02-06T20:14:07","modified_gmt":"2023-02-06T19:14:07","slug":"punta-10-uguale-9","status":"publish","type":"page","link":"https:\/\/www.puntadelest.it\/de\/punta-offerte\/punta-10-uguale-9\/","title":{"rendered":"10=9"},"content":{"rendered":"\t\t<div data-elementor-type=\"wp-post\" data-elementor-id=\"2925\" class=\"elementor elementor-2925\" data-elementor-post-type=\"page\">\n\t\t\t\t\t\t<section class=\"elementor-section elementor-top-section elementor-element elementor-element-54a993b8 elementor-section-boxed elementor-section-height-default elementor-section-height-default\" data-id=\"54a993b8\" data-element_type=\"section\">\n\t\t\t\t\t\t<div class=\"elementor-container elementor-column-gap-wide\">\n\t\t\t\t\t<div class=\"elementor-column elementor-col-50 elementor-top-column elementor-element elementor-element-33a7a8e0\" data-id=\"33a7a8e0\" data-element_type=\"column\">\n\t\t\t<div class=\"elementor-widget-wrap elementor-element-populated\">\n\t\t\t\t\t\t<div class=\"elementor-element elementor-element-2bfcad7c elementor-widget elementor-widget-image\" data-id=\"2bfcad7c\" data-element_type=\"widget\" data-widget_type=\"image.default\">\n\t\t\t\t<div class=\"elementor-widget-container\">\n\t\t\t\t\t\t\t\t\t\t\t\t\t\t\t<img fetchpriority=\"high\" decoding=\"async\" width=\"768\" height=\"512\" src=\"https:\/\/www.puntadelest.it\/wp-content\/uploads\/DSC_0151-HDR-2-768x512.jpg\" class=\"attachment-medium_large size-medium_large wp-image-3614\" alt=\"\" srcset=\"https:\/\/www.puntadelest.it\/wp-content\/uploads\/DSC_0151-HDR-2-768x512.jpg 768w, https:\/\/www.puntadelest.it\/wp-content\/uploads\/DSC_0151-HDR-2-1024x683.jpg 1024w, https:\/\/www.puntadelest.it\/wp-content\/uploads\/DSC_0151-HDR-2-615x410.jpg 615w, https:\/\/www.puntadelest.it\/wp-content\/uploads\/DSC_0151-HDR-2.jpg 1600w\" sizes=\"(max-width: 768px) 100vw, 768px\" \/>\t\t\t\t\t\t\t\t\t\t\t\t\t\t\t<\/div>\n\t\t\t\t<\/div>\n\t\t\t\t\t<\/div>\n\t\t<\/div>\n\t\t\t\t<div class=\"elementor-column elementor-col-50 elementor-top-column elementor-element elementor-element-73cbc4b4\" data-id=\"73cbc4b4\" data-element_type=\"column\">\n\t\t\t<div class=\"elementor-widget-wrap elementor-element-populated\">\n\t\t\t\t\t\t<div class=\"elementor-element elementor-element-32e044f8 elementor-align-left elementor-mobile-align-center elementor-icon-list--layout-traditional elementor-list-item-link-full_width elementor-widget elementor-widget-icon-list\" data-id=\"32e044f8\" data-element_type=\"widget\" data-widget_type=\"icon-list.default\">\n\t\t\t\t<div class=\"elementor-widget-container\">\n\t\t\t\t\t\t\t<ul class=\"elementor-icon-list-items\">\n\t\t\t\t\t\t\t<li class=\"elementor-icon-list-item\">\n\t\t\t\t\t\t\t\t\t\t<span class=\"elementor-icon-list-text\">EINE nacht als GESCHENK!<\/span>\n\t\t\t\t\t\t\t\t\t<\/li>\n\t\t\t\t\t\t<\/ul>\n\t\t\t\t\t\t<\/div>\n\t\t\t\t<\/div>\n\t\t\t\t<div class=\"elementor-element elementor-element-155855a6 elementor-widget elementor-widget-text-editor\" data-id=\"155855a6\" data-element_type=\"widget\" data-widget_type=\"text-editor.default\">\n\t\t\t\t<div class=\"elementor-widget-container\">\n\t\t\t\t\t\t\t\t\t<p>Wenn Sie dieses Jahr in den angegebenen Zeitr\u00e4umen einen Aufenthalt von 10 \u00dcbernachtungen mit Halb- oder Vollpension buchen, erhalten Sie eine Nacht gratis!<\/p>\n\t\t\t\t\t\t\t\t<\/div>\n\t\t\t\t<\/div>\n\t\t\t\t<div class=\"elementor-element elementor-element-d0cfecc elementor-widget elementor-widget-text-editor\" data-id=\"d0cfecc\" data-element_type=\"widget\" data-widget_type=\"text-editor.default\">\n\t\t\t\t<div class=\"elementor-widget-container\">\n\t\t\t\t\t\t\t\t\t<p>Angebot g\u00fcltig f\u00fcr Aufenthalte von 10 N\u00e4chten mit zwei Personen pro Zimmer.<\/p>\n\t\t\t\t\t\t\t\t<\/div>\n\t\t\t\t<\/div>\n\t\t\t\t<div class=\"elementor-element elementor-element-732d9b1d elementor-align-left elementor-widget elementor-widget-button\" data-id=\"732d9b1d\" data-element_type=\"widget\" data-widget_type=\"button.default\">\n\t\t\t\t<div class=\"elementor-widget-container\">\n\t\t\t\t\t\t\t\t\t<div class=\"elementor-button-wrapper\">\n\t\t\t\t\t<a class=\"elementor-button elementor-button-link elementor-size-sm\" href=\"#\" id=\"richiesta\">\n\t\t\t\t\t\t<span class=\"elementor-button-content-wrapper\">\n\t\t\t\t\t\t<span class=\"elementor-button-icon\">\n\t\t\t\t\t\t\t\t\t<i class=\"fa fa-pencil\" aria-hidden=\"true\"><\/i>\n\t\t\t\t\t\t\t<\/span>\n\t\t\t\t\t\t\t\t\t<span class=\"elementor-button-text\">Fordern Sie ein kostenloses Angebot an<\/span>\n\t\t\t\t\t<\/span>\n\t\t\t\t\t<\/a>\n\t\t\t\t<\/div>\n\t\t\t\t\t\t\t\t<\/div>\n\t\t\t\t<\/div>\n\t\t\t\t<div class=\"elementor-element elementor-element-6d972a67 elementor-align-right underline elementor-widget elementor-widget-button\" data-id=\"6d972a67\" data-element_type=\"widget\" data-widget_type=\"button.default\">\n\t\t\t\t<div class=\"elementor-widget-container\">\n\t\t\t\t\t\t\t\t\t<div class=\"elementor-button-wrapper\">\n\t\t\t\t\t<a class=\"elementor-button elementor-button-link elementor-size-sm\" href=\"https:\/\/www.puntadelest.it\/punta-offerte\/\">\n\t\t\t\t\t\t<span class=\"elementor-button-content-wrapper\">\n\t\t\t\t\t\t\t\t\t<span class=\"elementor-button-text\">zur\u00fcck zu den Angeboten<\/span>\n\t\t\t\t\t<\/span>\n\t\t\t\t\t<\/a>\n\t\t\t\t<\/div>\n\t\t\t\t\t\t\t\t<\/div>\n\t\t\t\t<\/div>\n\t\t\t\t\t<\/div>\n\t\t<\/div>\n\t\t\t\t\t<\/div>\n\t\t<\/section>\n\t\t\t\t<\/div>\n\t\t","protected":false},"excerpt":{"rendered":"<p>VOM 18\/6 ZUM 10\/09<br \/>\nAngebot g\u00fcltig f\u00fcr Aufenthalte von 10 N\u00e4chten mit zwei Personen pro Zimmer.<\/p>\n","protected":false},"author":1,"featured_media":2926,"parent":2843,"menu_order":0,"comment_status":"closed","ping_status":"closed","template":"","meta":{"_acf_changed":false,"site-sidebar-layout":"no-sidebar","site-content-layout":"page-builder","ast-site-content-layout":"full-width-container","site-content-style":"unboxed","site-sidebar-style":"unboxed","ast-global-header-display":"","ast-banner-title-visibility":"","ast-main-header-display":"","ast-hfb-above-header-display":"","ast-hfb-below-header-display":"","ast-hfb-mobile-header-display":"","site-post-title":"disabled","ast-breadcrumbs-content":"","ast-featured-img":"disabled","footer-sml-layout":"","theme-transparent-header-meta":"default","adv-header-id-meta":"","stick-header-meta":"default","header-above-stick-meta":"","header-main-stick-meta":"","header-below-stick-meta":"","astra-migrate-meta-layouts":"default","ast-page-background-enabled":"default","ast-page-background-meta":{"desktop":{"background-color":"","background-image":"","background-repeat":"repeat","background-position":"center center","background-size":"auto","background-attachment":"scroll","background-type":"","background-media":"","overlay-type":"","overlay-color":"","overlay-opacity":"","overlay-gradient":""},"tablet":{"background-color":"","background-image":"","background-repeat":"repeat","background-position":"center center","background-size":"auto","background-attachment":"scroll","background-type":"","background-media":"","overlay-type":"","overlay-color":"","overlay-opacity":"","overlay-gradient":""},"mobile":{"background-color":"","background-image":"","background-repeat":"repeat","background-position":"center center","background-size":"auto","background-attachment":"scroll","background-type":"","background-media":"","overlay-type":"","overlay-color":"","overlay-opacity":"","overlay-gradient":""}},"ast-content-background-meta":{"desktop":{"background-color":"var(--ast-global-color-5)","background-image":"","background-repeat":"repeat","background-position":"center center","background-size":"auto","background-attachment":"scroll","background-type":"","background-media":"","overlay-type":"","overlay-color":"","overlay-opacity":"","overlay-gradient":""},"tablet":{"background-color":"var(--ast-global-color-5)","background-image":"","background-repeat":"repeat","background-position":"center center","background-size":"auto","background-attachment":"scroll","background-type":"","background-media":"","overlay-type":"","overlay-color":"","overlay-opacity":"","overlay-gradient":""},"mobile":{"background-color":"var(--ast-global-color-5)","background-image":"","background-repeat":"repeat","background-position":"center center","background-size":"auto","background-attachment":"scroll","background-type":"","background-media":"","overlay-type":"","overlay-color":"","overlay-opacity":"","overlay-gradient":""}},"footnotes":""},"class_list":["post-2925","page","type-page","status-publish","has-post-thumbnail","hentry","categorie-pagine-offerte"],"acf":[],"yoast_head":"<!-- This site is optimized with the Yoast SEO plugin v24.3 - https:\/\/yoast.com\/wordpress\/plugins\/seo\/ -->\n<title>10=9 | Hotel Punta de l&#039;est Francavilla a Mare<\/title>\n<meta name=\"robots\" content=\"index, follow, max-snippet:-1, max-image-preview:large, max-video-preview:-1\" \/>\n<link rel=\"canonical\" href=\"https:\/\/www.puntadelest.it\/de\/punta-offerte\/punta-10-uguale-9\/\" \/>\n<meta property=\"og:locale\" content=\"de_DE\" \/>\n<meta property=\"og:type\" content=\"article\" \/>\n<meta property=\"og:title\" content=\"10=9 | Hotel Punta de l&#039;est Francavilla a Mare\" \/>\n<meta property=\"og:description\" content=\"VOM 18\/6 ZUM 10\/09 Angebot g\u00fcltig f\u00fcr Aufenthalte von 10 N\u00e4chten mit zwei Personen pro Zimmer.\" \/>\n<meta property=\"og:url\" content=\"https:\/\/www.puntadelest.it\/de\/punta-offerte\/punta-10-uguale-9\/\" \/>\n<meta property=\"og:site_name\" content=\"Hotel Punta dell&#039;Est\" \/>\n<meta property=\"article:modified_time\" content=\"2023-02-06T19:14:07+00:00\" \/>\n<meta property=\"og:image\" content=\"https:\/\/www.puntadelest.it\/wp-content\/uploads\/beach9.jpg\" \/>\n\t<meta property=\"og:image:width\" content=\"1800\" \/>\n\t<meta property=\"og:image:height\" content=\"1200\" \/>\n\t<meta property=\"og:image:type\" content=\"image\/jpeg\" \/>\n<meta name=\"twitter:card\" content=\"summary_large_image\" \/>\n<script type=\"application\/ld+json\" class=\"yoast-schema-graph\">{\"@context\":\"https:\/\/schema.org\",\"@graph\":[{\"@type\":\"WebPage\",\"@id\":\"https:\/\/www.puntadelest.it\/de\/punta-offerte\/punta-10-uguale-9\/\",\"url\":\"https:\/\/www.puntadelest.it\/de\/punta-offerte\/punta-10-uguale-9\/\",\"name\":\"10=9 | Hotel Punta de l'est Francavilla a Mare\",\"isPartOf\":{\"@id\":\"https:\/\/www.puntadelest.it\/de\/#website\"},\"primaryImageOfPage\":{\"@id\":\"https:\/\/www.puntadelest.it\/de\/punta-offerte\/punta-10-uguale-9\/#primaryimage\"},\"image\":{\"@id\":\"https:\/\/www.puntadelest.it\/de\/punta-offerte\/punta-10-uguale-9\/#primaryimage\"},\"thumbnailUrl\":\"https:\/\/www.puntadelest.it\/wp-content\/uploads\/beach9.jpg\",\"datePublished\":\"2019-04-29T10:57:57+00:00\",\"dateModified\":\"2023-02-06T19:14:07+00:00\",\"breadcrumb\":{\"@id\":\"https:\/\/www.puntadelest.it\/de\/punta-offerte\/punta-10-uguale-9\/#breadcrumb\"},\"inLanguage\":\"de\",\"potentialAction\":[{\"@type\":\"ReadAction\",\"target\":[\"https:\/\/www.puntadelest.it\/de\/punta-offerte\/punta-10-uguale-9\/\"]}]},{\"@type\":\"ImageObject\",\"inLanguage\":\"de\",\"@id\":\"https:\/\/www.puntadelest.it\/de\/punta-offerte\/punta-10-uguale-9\/#primaryimage\",\"url\":\"https:\/\/www.puntadelest.it\/wp-content\/uploads\/beach9.jpg\",\"contentUrl\":\"https:\/\/www.puntadelest.it\/wp-content\/uploads\/beach9.jpg\",\"width\":1800,\"height\":1200},{\"@type\":\"BreadcrumbList\",\"@id\":\"https:\/\/www.puntadelest.it\/de\/punta-offerte\/punta-10-uguale-9\/#breadcrumb\",\"itemListElement\":[{\"@type\":\"ListItem\",\"position\":1,\"name\":\"Home\",\"item\":\"https:\/\/www.puntadelest.it\/de\/\"},{\"@type\":\"ListItem\",\"position\":2,\"name\":\"Unsere Angebote\",\"item\":\"https:\/\/www.puntadelest.it\/de\/punta-offerte\/\"},{\"@type\":\"ListItem\",\"position\":3,\"name\":\"10=9\"}]},{\"@type\":\"WebSite\",\"@id\":\"https:\/\/www.puntadelest.it\/de\/#website\",\"url\":\"https:\/\/www.puntadelest.it\/de\/\",\"name\":\"Hotel Punta dell&#039;Est\",\"description\":\"Hotel Punta dell&#039;Est\",\"publisher\":{\"@id\":\"https:\/\/www.puntadelest.it\/de\/#organization\"},\"potentialAction\":[{\"@type\":\"SearchAction\",\"target\":{\"@type\":\"EntryPoint\",\"urlTemplate\":\"https:\/\/www.puntadelest.it\/de\/?s={search_term_string}\"},\"query-input\":{\"@type\":\"PropertyValueSpecification\",\"valueRequired\":true,\"valueName\":\"search_term_string\"}}],\"inLanguage\":\"de\"},{\"@type\":\"Organization\",\"@id\":\"https:\/\/www.puntadelest.it\/de\/#organization\",\"name\":\"Hotel Punta dell&#039;Est\",\"url\":\"https:\/\/www.puntadelest.it\/de\/\",\"logo\":{\"@type\":\"ImageObject\",\"inLanguage\":\"de\",\"@id\":\"https:\/\/www.puntadelest.it\/de\/#\/schema\/logo\/image\/\",\"url\":\"https:\/\/www.puntadelest.it\/wp-content\/uploads\/logo.png\",\"contentUrl\":\"https:\/\/www.puntadelest.it\/wp-content\/uploads\/logo.png\",\"width\":364,\"height\":100,\"caption\":\"Hotel Punta dell&#039;Est\"},\"image\":{\"@id\":\"https:\/\/www.puntadelest.it\/de\/#\/schema\/logo\/image\/\"}}]}<\/script>\n<!-- \/ Yoast SEO plugin. -->","yoast_head_json":{"title":"10=9 | Hotel Punta de l'est Francavilla a Mare","robots":{"index":"index","follow":"follow","max-snippet":"max-snippet:-1","max-image-preview":"max-image-preview:large","max-video-preview":"max-video-preview:-1"},"canonical":"https:\/\/www.puntadelest.it\/de\/punta-offerte\/punta-10-uguale-9\/","og_locale":"de_DE","og_type":"article","og_title":"10=9 | Hotel Punta de l'est Francavilla a Mare","og_description":"VOM 18\/6 ZUM 10\/09 Angebot g\u00fcltig f\u00fcr Aufenthalte von 10 N\u00e4chten mit zwei Personen pro Zimmer.","og_url":"https:\/\/www.puntadelest.it\/de\/punta-offerte\/punta-10-uguale-9\/","og_site_name":"Hotel Punta dell&#039;Est","article_modified_time":"2023-02-06T19:14:07+00:00","og_image":[{"width":1800,"height":1200,"url":"https:\/\/www.puntadelest.it\/wp-content\/uploads\/beach9.jpg","type":"image\/jpeg"}],"twitter_card":"summary_large_image","schema":{"@context":"https:\/\/schema.org","@graph":[{"@type":"WebPage","@id":"https:\/\/www.puntadelest.it\/de\/punta-offerte\/punta-10-uguale-9\/","url":"https:\/\/www.puntadelest.it\/de\/punta-offerte\/punta-10-uguale-9\/","name":"10=9 | Hotel Punta de l'est Francavilla a Mare","isPartOf":{"@id":"https:\/\/www.puntadelest.it\/de\/#website"},"primaryImageOfPage":{"@id":"https:\/\/www.puntadelest.it\/de\/punta-offerte\/punta-10-uguale-9\/#primaryimage"},"image":{"@id":"https:\/\/www.puntadelest.it\/de\/punta-offerte\/punta-10-uguale-9\/#primaryimage"},"thumbnailUrl":"https:\/\/www.puntadelest.it\/wp-content\/uploads\/beach9.jpg","datePublished":"2019-04-29T10:57:57+00:00","dateModified":"2023-02-06T19:14:07+00:00","breadcrumb":{"@id":"https:\/\/www.puntadelest.it\/de\/punta-offerte\/punta-10-uguale-9\/#breadcrumb"},"inLanguage":"de","potentialAction":[{"@type":"ReadAction","target":["https:\/\/www.puntadelest.it\/de\/punta-offerte\/punta-10-uguale-9\/"]}]},{"@type":"ImageObject","inLanguage":"de","@id":"https:\/\/www.puntadelest.it\/de\/punta-offerte\/punta-10-uguale-9\/#primaryimage","url":"https:\/\/www.puntadelest.it\/wp-content\/uploads\/beach9.jpg","contentUrl":"https:\/\/www.puntadelest.it\/wp-content\/uploads\/beach9.jpg","width":1800,"height":1200},{"@type":"BreadcrumbList","@id":"https:\/\/www.puntadelest.it\/de\/punta-offerte\/punta-10-uguale-9\/#breadcrumb","itemListElement":[{"@type":"ListItem","position":1,"name":"Home","item":"https:\/\/www.puntadelest.it\/de\/"},{"@type":"ListItem","position":2,"name":"Unsere Angebote","item":"https:\/\/www.puntadelest.it\/de\/punta-offerte\/"},{"@type":"ListItem","position":3,"name":"10=9"}]},{"@type":"WebSite","@id":"https:\/\/www.puntadelest.it\/de\/#website","url":"https:\/\/www.puntadelest.it\/de\/","name":"Hotel Punta dell&#039;Est","description":"Hotel Punta dell&#039;Est","publisher":{"@id":"https:\/\/www.puntadelest.it\/de\/#organization"},"potentialAction":[{"@type":"SearchAction","target":{"@type":"EntryPoint","urlTemplate":"https:\/\/www.puntadelest.it\/de\/?s={search_term_string}"},"query-input":{"@type":"PropertyValueSpecification","valueRequired":true,"valueName":"search_term_string"}}],"inLanguage":"de"},{"@type":"Organization","@id":"https:\/\/www.puntadelest.it\/de\/#organization","name":"Hotel Punta dell&#039;Est","url":"https:\/\/www.puntadelest.it\/de\/","logo":{"@type":"ImageObject","inLanguage":"de","@id":"https:\/\/www.puntadelest.it\/de\/#\/schema\/logo\/image\/","url":"https:\/\/www.puntadelest.it\/wp-content\/uploads\/logo.png","contentUrl":"https:\/\/www.puntadelest.it\/wp-content\/uploads\/logo.png","width":364,"height":100,"caption":"Hotel Punta dell&#039;Est"},"image":{"@id":"https:\/\/www.puntadelest.it\/de\/#\/schema\/logo\/image\/"}}]}},"_links":{"self":[{"href":"https:\/\/www.puntadelest.it\/de\/wp-json\/wp\/v2\/pages\/2925","targetHints":{"allow":["GET"]}}],"collection":[{"href":"https:\/\/www.puntadelest.it\/de\/wp-json\/wp\/v2\/pages"}],"about":[{"href":"https:\/\/www.puntadelest.it\/de\/wp-json\/wp\/v2\/types\/page"}],"author":[{"embeddable":true,"href":"https:\/\/www.puntadelest.it\/de\/wp-json\/wp\/v2\/users\/1"}],"replies":[{"embeddable":true,"href":"https:\/\/www.puntadelest.it\/de\/wp-json\/wp\/v2\/comments?post=2925"}],"version-history":[{"count":1,"href":"https:\/\/www.puntadelest.it\/de\/wp-json\/wp\/v2\/pages\/2925\/revisions"}],"predecessor-version":[{"id":5209,"href":"https:\/\/www.puntadelest.it\/de\/wp-json\/wp\/v2\/pages\/2925\/revisions\/5209"}],"up":[{"embeddable":true,"href":"https:\/\/www.puntadelest.it\/de\/wp-json\/wp\/v2\/pages\/2843"}],"wp:featuredmedia":[{"embeddable":true,"href":"https:\/\/www.puntadelest.it\/de\/wp-json\/wp\/v2\/media\/2926"}],"wp:attachment":[{"href":"https:\/\/www.puntadelest.it\/de\/wp-json\/wp\/v2\/media?parent=2925"}],"curies":[{"name":"wp","href":"https:\/\/api.w.org\/{rel}","templated":true}]}}